{"id":119,"date":"2023-09-04T16:30:37","date_gmt":"2023-09-04T16:30:37","guid":{"rendered":"https:\/\/loja3pontos.com.br\/?post_type=product&#038;p=119"},"modified":"2023-09-04T16:30:43","modified_gmt":"2023-09-04T16:30:43","slug":"manual-de-instrucoes-do-companheiro-macom","status":"publish","type":"product","link":"https:\/\/loja3pontos.com.br\/index.php\/produto\/manual-de-instrucoes-do-companheiro-macom\/","title":{"rendered":"Manual de Instru\u00e7\u00f5es do Companheiro Ma\u00e7om"},"content":{"rendered":"","protected":false},"excerpt":{"rendered":"","protected":false},"featured_media":161,"comment_status":"open","ping_status":"closed","template":"","meta":[],"product_brand":[],"product_cat":[24],"product_tag":[],"class_list":{"0":"post-119","1":"product","2":"type-product","3":"status-publish","4":"has-post-thumbnail","6":"product_cat-sem-categoria","8":"first","9":"outofstock","10":"taxable","11":"shipping-taxable","12":"purchasable","13":"product-type-simple"},"_links":{"self":[{"href":"https:\/\/loja3pontos.com.br\/index.php\/wp-json\/wp\/v2\/product\/119","targetHints":{"allow":["GET"]}}],"collection":[{"href":"https:\/\/loja3pontos.com.br\/index.php\/wp-json\/wp\/v2\/product"}],"about":[{"href":"https:\/\/loja3pontos.com.br\/index.php\/wp-json\/wp\/v2\/types\/product"}],"replies":[{"embeddable":true,"href":"https:\/\/loja3pontos.com.br\/index.php\/wp-json\/wp\/v2\/comments?post=119"}],"version-history":[{"count":1,"href":"https:\/\/loja3pontos.com.br\/index.php\/wp-json\/wp\/v2\/product\/119\/revisions"}],"predecessor-version":[{"id":162,"href":"https:\/\/loja3pontos.com.br\/index.php\/wp-json\/wp\/v2\/product\/119\/revisions\/162"}],"wp:featuredmedia":[{"embeddable":true,"href":"https:\/\/loja3pontos.com.br\/index.php\/wp-json\/wp\/v2\/media\/161"}],"wp:attachment":[{"href":"https:\/\/loja3pontos.com.br\/index.php\/wp-json\/wp\/v2\/media?parent=119"}],"wp:term":[{"taxonomy":"product_brand","embeddable":true,"href":"https:\/\/loja3pontos.com.br\/index.php\/wp-json\/wp\/v2\/product_brand?post=119"},{"taxonomy":"product_cat","embeddable":true,"href":"https:\/\/loja3pontos.com.br\/index.php\/wp-json\/wp\/v2\/product_cat?post=119"},{"taxonomy":"product_tag","embeddable":true,"href":"https:\/\/loja3pontos.com.br\/index.php\/wp-json\/wp\/v2\/product_tag?post=119"}],"curies":[{"name":"wp","href":"https:\/\/api.w.org\/{rel}","templated":true}]}}