{"id":122,"date":"2023-09-04T16:30:38","date_gmt":"2023-09-04T16:30:38","guid":{"rendered":"https:\/\/loja3pontos.com.br\/?post_type=product&#038;p=122"},"modified":"2025-03-10T20:25:50","modified_gmt":"2025-03-10T20:25:50","slug":"ritual-e-instrucoes-de-companheiro-macom-reaa-1974","status":"publish","type":"product","link":"https:\/\/loja3pontos.com.br\/index.php\/produto\/ritual-e-instrucoes-de-companheiro-macom-reaa-1974\/","title":{"rendered":"Ritual e Instru\u00e7\u00f5es de Companheiro Ma\u00e7om REAA &#8211; 1974"},"content":{"rendered":"<p>Instru\u00e7\u00f5es &#8211; A Trolha &#8211; Primeira Instru\u00e7\u00e3o &#8211; Segunda Instru\u00e7\u00e3o &#8211; Terceira Instru\u00e7\u00e3o &#8211; Simbologia Num\u00e9rica &#8211; O Tetragrama Hebraico &#8211; Q Quintess\u00eancia &#8211; O Hexagrama &#8211; O Seten\u00e1rio &#8211; S\u00edmbolo: O companheiro Ma\u00e7om &#8211; Painel simb\u00f3lico do 2 grau &#8211; Painel aleg\u00f3rico do 2 grau &#8211; Painel da Loja de Companheiro.<\/p>\n","protected":false},"excerpt":{"rendered":"<p>Instru\u00e7\u00f5es &#8211; A Trolha &#8211; Primeira Instru\u00e7\u00e3o &#8211; Segunda Instru\u00e7\u00e3o &#8211; Terceira Instru\u00e7\u00e3o &#8211; Simbologia Num\u00e9rica &#8211; O Tetragrama Hebraico &#8211; Q Quintess\u00eancia &#8211; O Hexagrama &#8211; O Seten\u00e1rio &#8211; S\u00edmbolo: O companheiro Ma\u00e7om &#8211; Painel simb\u00f3lico do 2 grau &#8211; Painel aleg\u00f3rico do 2 grau &#8211; Painel da Loja de Companheiro.<\/p>\n","protected":false},"featured_media":167,"comment_status":"open","ping_status":"closed","template":"","meta":[],"product_brand":[],"product_cat":[24],"product_tag":[],"class_list":{"0":"post-122","1":"product","2":"type-product","3":"status-publish","4":"has-post-thumbnail","6":"product_cat-sem-categoria","8":"first","9":"instock","10":"taxable","11":"shipping-taxable","12":"purchasable","13":"product-type-simple"},"_links":{"self":[{"href":"https:\/\/loja3pontos.com.br\/index.php\/wp-json\/wp\/v2\/product\/122","targetHints":{"allow":["GET"]}}],"collection":[{"href":"https:\/\/loja3pontos.com.br\/index.php\/wp-json\/wp\/v2\/product"}],"about":[{"href":"https:\/\/loja3pontos.com.br\/index.php\/wp-json\/wp\/v2\/types\/product"}],"replies":[{"embeddable":true,"href":"https:\/\/loja3pontos.com.br\/index.php\/wp-json\/wp\/v2\/comments?post=122"}],"version-history":[{"count":1,"href":"https:\/\/loja3pontos.com.br\/index.php\/wp-json\/wp\/v2\/product\/122\/revisions"}],"predecessor-version":[{"id":168,"href":"https:\/\/loja3pontos.com.br\/index.php\/wp-json\/wp\/v2\/product\/122\/revisions\/168"}],"wp:featuredmedia":[{"embeddable":true,"href":"https:\/\/loja3pontos.com.br\/index.php\/wp-json\/wp\/v2\/media\/167"}],"wp:attachment":[{"href":"https:\/\/loja3pontos.com.br\/index.php\/wp-json\/wp\/v2\/media?parent=122"}],"wp:term":[{"taxonomy":"product_brand","embeddable":true,"href":"https:\/\/loja3pontos.com.br\/index.php\/wp-json\/wp\/v2\/product_brand?post=122"},{"taxonomy":"product_cat","embeddable":true,"href":"https:\/\/loja3pontos.com.br\/index.php\/wp-json\/wp\/v2\/product_cat?post=122"},{"taxonomy":"product_tag","embeddable":true,"href":"https:\/\/loja3pontos.com.br\/index.php\/wp-json\/wp\/v2\/product_tag?post=122"}],"curies":[{"name":"wp","href":"https:\/\/api.w.org\/{rel}","templated":true}]}}