{"id":130,"date":"2023-09-04T16:30:38","date_gmt":"2023-09-04T16:30:38","guid":{"rendered":"https:\/\/loja3pontos.com.br\/?post_type=product&#038;p=130"},"modified":"2023-09-04T16:30:48","modified_gmt":"2023-09-04T16:30:48","slug":"novo-manual-do-rito-moderno-grau-de-aprendiz","status":"publish","type":"product","link":"https:\/\/loja3pontos.com.br\/index.php\/produto\/novo-manual-do-rito-moderno-grau-de-aprendiz\/","title":{"rendered":"Novo Manual do Rito Moderno &#8211; Grau de Aprendiz"},"content":{"rendered":"<p>Instru\u00e7\u00e3o do grau de aprendiz do rito moderno &#8211; o painel simb\u00f3lico do grau de aprendiz &#8211; a doutrina do rito moderno &#8211; rito moderno\/conceitos fundamentais para o aprendiz &#8211; o artigo 2 da constitui\u00e7\u00e3o do grande oriente do Brasil e seu aparente conflito com o agnosticismo modernista &#8211; o rito moderno e o combate a tirania &#8211; ortodoxia ma\u00e7\u00f4nica &#8211; Jean Jacques Rousseau\/sua obra e sua import\u00e2ncia no ide\u00e1rio da ma\u00e7onaria moderna &#8211; rito moderno\/agn\u00f3stico ou adogm\u00e1tico? Generalidade em ma\u00e7onaria<\/p>\n","protected":false},"excerpt":{"rendered":"<p>Instru\u00e7\u00e3o do grau de aprendiz do rito moderno &#8211; o painel simb\u00f3lico do grau de aprendiz &#8211; a doutrina do rito moderno &#8211; rito moderno\/conceitos fundamentais para o aprendiz &#8211; o artigo 2 da constitui\u00e7\u00e3o do grande oriente do Brasil e seu aparente conflito com o agnosticismo modernista &#8211; o rito moderno e o combate [&hellip;]<\/p>\n","protected":false},"featured_media":190,"comment_status":"open","ping_status":"closed","template":"","meta":[],"product_brand":[],"product_cat":[24],"product_tag":[],"class_list":{"0":"post-130","1":"product","2":"type-product","3":"status-publish","4":"has-post-thumbnail","6":"product_cat-sem-categoria","8":"first","9":"instock","10":"taxable","11":"shipping-taxable","12":"purchasable","13":"product-type-simple"},"_links":{"self":[{"href":"https:\/\/loja3pontos.com.br\/index.php\/wp-json\/wp\/v2\/product\/130","targetHints":{"allow":["GET"]}}],"collection":[{"href":"https:\/\/loja3pontos.com.br\/index.php\/wp-json\/wp\/v2\/product"}],"about":[{"href":"https:\/\/loja3pontos.com.br\/index.php\/wp-json\/wp\/v2\/types\/product"}],"replies":[{"embeddable":true,"href":"https:\/\/loja3pontos.com.br\/index.php\/wp-json\/wp\/v2\/comments?post=130"}],"version-history":[{"count":1,"href":"https:\/\/loja3pontos.com.br\/index.php\/wp-json\/wp\/v2\/product\/130\/revisions"}],"predecessor-version":[{"id":192,"href":"https:\/\/loja3pontos.com.br\/index.php\/wp-json\/wp\/v2\/product\/130\/revisions\/192"}],"wp:featuredmedia":[{"embeddable":true,"href":"https:\/\/loja3pontos.com.br\/index.php\/wp-json\/wp\/v2\/media\/190"}],"wp:attachment":[{"href":"https:\/\/loja3pontos.com.br\/index.php\/wp-json\/wp\/v2\/media?parent=130"}],"wp:term":[{"taxonomy":"product_brand","embeddable":true,"href":"https:\/\/loja3pontos.com.br\/index.php\/wp-json\/wp\/v2\/product_brand?post=130"},{"taxonomy":"product_cat","embeddable":true,"href":"https:\/\/loja3pontos.com.br\/index.php\/wp-json\/wp\/v2\/product_cat?post=130"},{"taxonomy":"product_tag","embeddable":true,"href":"https:\/\/loja3pontos.com.br\/index.php\/wp-json\/wp\/v2\/product_tag?post=130"}],"curies":[{"name":"wp","href":"https:\/\/api.w.org\/{rel}","templated":true}]}}