{"id":131,"date":"2023-09-04T16:30:38","date_gmt":"2023-09-04T16:30:38","guid":{"rendered":"https:\/\/loja3pontos.com.br\/?post_type=product&#038;p=131"},"modified":"2023-09-04T16:30:49","modified_gmt":"2023-09-04T16:30:49","slug":"curso-de-maconaria-simbolica-aprendiz","status":"publish","type":"product","link":"https:\/\/loja3pontos.com.br\/index.php\/produto\/curso-de-maconaria-simbolica-aprendiz\/","title":{"rendered":"Curso de Ma\u00e7onaria Simb\u00f3lica &#8211; Aprendiz"},"content":{"rendered":"<p>Etimologia da Palavra &#8216;MA\u00c7OM&#8221; &#8211; A Constru\u00e7\u00e3o do Templo de Salom\u00e3o &#8211; Os Lindeiros, limites ou &#8220;Landmarks&#8221; &#8211; Defini\u00e7\u00e3o cl\u00e1ssica de Malinaria e defini\u00e7\u00e3o atualizada &#8211; Ma\u00e7onaria n\u00e3o \u00e9 religi\u00e3o nem seita, \u00e9 comunh\u00e3o &#8211; A toler\u00e2ncia \u00e9 uma das principais regras Ma\u00e7\u00f4nicas &#8211; Os m\u00edsticos e os aut\u00eanticos &#8211; Lendas das artes Primevas e o Tern\u00e1rio &#8211; A arte de edificar Templos e Sacerd\u00f3cio &#8211; Subs\u00eddios Mesopot\u00e2micos para o Simbolismo Ma\u00e7\u00f4nico &#8211; Saoshyant, o Salvador Prometido &#8211; O Manique\u00edsmo &#8211; o Celibato Sacerdotal &#8211; A ado\u00e7\u00e3o de &#8220;Lowtons&#8221; e seus enxertos mitra\u00edcos &#8211; A Ma\u00e7onaria n\u00e3o \u00e9 institui\u00e7\u00e3o Judaica &#8211; O Pavimento Mosaico &#8211; Os &#8220;Habirus&#8221; ou &#8220;Khabiris&#8221; ou &#8220;Cabirins&#8221; &#8211; O tronco dos pobres, de solidariedade ou de benefic\u00eancia &#8211; Os L\u00eddios, a cunhagem da moeda, Gig\u00e9s, Creso &#8211; Simbolismo Cretense e dos Egeus &#8211; O c\u00e9u e as paredes da Loja &#8211; Funda\u00e7\u00e3o da Ordem de S. Bento e a expans\u00e3o Beneditina &#8211; A oficializa\u00e7\u00e3o das sete artes liberais &#8211; Final conclus\u00e3o sobre a Arte Real &#8211; O Altar de Juramento &#8211; As Regras Gerais.<\/p>\n","protected":false},"excerpt":{"rendered":"<p>Etimologia da Palavra &#8216;MA\u00c7OM&#8221; &#8211; A Constru\u00e7\u00e3o do Templo de Salom\u00e3o &#8211; Os Lindeiros, limites ou &#8220;Landmarks&#8221; &#8211; Defini\u00e7\u00e3o cl\u00e1ssica de Malinaria e defini\u00e7\u00e3o atualizada &#8211; Ma\u00e7onaria n\u00e3o \u00e9 religi\u00e3o nem seita, \u00e9 comunh\u00e3o &#8211; A toler\u00e2ncia \u00e9 uma das principais regras Ma\u00e7\u00f4nicas &#8211; Os m\u00edsticos e os aut\u00eanticos &#8211; Lendas das artes Primevas e [&hellip;]<\/p>\n","protected":false},"featured_media":193,"comment_status":"open","ping_status":"closed","template":"","meta":[],"product_brand":[],"product_cat":[24],"product_tag":[],"class_list":{"0":"post-131","1":"product","2":"type-product","3":"status-publish","4":"has-post-thumbnail","6":"product_cat-sem-categoria","8":"first","9":"instock","10":"taxable","11":"shipping-taxable","12":"purchasable","13":"product-type-simple"},"_links":{"self":[{"href":"https:\/\/loja3pontos.com.br\/index.php\/wp-json\/wp\/v2\/product\/131","targetHints":{"allow":["GET"]}}],"collection":[{"href":"https:\/\/loja3pontos.com.br\/index.php\/wp-json\/wp\/v2\/product"}],"about":[{"href":"https:\/\/loja3pontos.com.br\/index.php\/wp-json\/wp\/v2\/types\/product"}],"replies":[{"embeddable":true,"href":"https:\/\/loja3pontos.com.br\/index.php\/wp-json\/wp\/v2\/comments?post=131"}],"version-history":[{"count":1,"href":"https:\/\/loja3pontos.com.br\/index.php\/wp-json\/wp\/v2\/product\/131\/revisions"}],"predecessor-version":[{"id":195,"href":"https:\/\/loja3pontos.com.br\/index.php\/wp-json\/wp\/v2\/product\/131\/revisions\/195"}],"wp:featuredmedia":[{"embeddable":true,"href":"https:\/\/loja3pontos.com.br\/index.php\/wp-json\/wp\/v2\/media\/193"}],"wp:attachment":[{"href":"https:\/\/loja3pontos.com.br\/index.php\/wp-json\/wp\/v2\/media?parent=131"}],"wp:term":[{"taxonomy":"product_brand","embeddable":true,"href":"https:\/\/loja3pontos.com.br\/index.php\/wp-json\/wp\/v2\/product_brand?post=131"},{"taxonomy":"product_cat","embeddable":true,"href":"https:\/\/loja3pontos.com.br\/index.php\/wp-json\/wp\/v2\/product_cat?post=131"},{"taxonomy":"product_tag","embeddable":true,"href":"https:\/\/loja3pontos.com.br\/index.php\/wp-json\/wp\/v2\/product_tag?post=131"}],"curies":[{"name":"wp","href":"https:\/\/api.w.org\/{rel}","templated":true}]}}