{"id":132,"date":"2023-09-04T16:30:38","date_gmt":"2023-09-04T16:30:38","guid":{"rendered":"https:\/\/loja3pontos.com.br\/?post_type=product&#038;p=132"},"modified":"2025-08-27T22:52:38","modified_gmt":"2025-08-27T22:52:38","slug":"curso-de-maconaria-simbolica-companheiro","status":"publish","type":"product","link":"https:\/\/loja3pontos.com.br\/index.php\/produto\/curso-de-maconaria-simbolica-companheiro\/","title":{"rendered":"Curso de Ma\u00e7onaria Simb\u00f3lica &#8211; Companheiro"},"content":{"rendered":"<p>Fundamentos Hist\u00f3ricos do Grau de companheiro &#8211; &#8220;Arte Real&#8221; dos construtores e &#8220;Arte Real&#8221; dos Alquimistas &#8211; A serpente Ouroboros, seu simbolismo &#8211; A lenda da F\u00eanix renascida do fogo &#8211; Os Cabalistas, A Cabala e a Ma\u00e7onaria &#8211; Exemplos de Cabala na Ma\u00e7onaria chamada &#8220;Oculta&#8221; &#8211; A Cabala Alfab\u00e9tica-Num\u00e9rica &#8211; A Passagem &#8211; A varia\u00e7\u00e3o dos passos &#8211; O sinal cordial &#8211; O antebra\u00e7o esquerdo erguido &#8211; O painel do Oriente &#8211; O Delta no grau de Companheiro &#8211; Os v\u00e1rios tri\u00e2ngulos e suas interpreta\u00e7\u00f5es &#8211; A Estrela de cinco pontas &#8211; Posi\u00e7\u00e3o da Estrela Flam\u00edgera no Templo &#8211; Significados MMa\u00e7 da Letra &#8220;G&#8221; no interior do Pentagrama &#8211; As PP SS do Grau &#8211; As duas colunas da entrada do Templo de Salom\u00e3o &#8211; A PDP do Grau &#8211; A prancheta e a comunica\u00e7\u00e3o escrita &#8211; O n\u00famero Cinco &#8211; Conjuga\u00e7\u00e3o dos Quin\u00e1rios &#8211; Liberdade e responsabilidade &#8211; A escada caracol.<\/p>\n","protected":false},"excerpt":{"rendered":"<p>Fundamentos Hist\u00f3ricos do Grau de companheiro &#8211; &#8220;Arte Real&#8221; dos construtores e &#8220;Arte Real&#8221; dos Alquimistas &#8211; A serpente Ouroboros, seu simbolismo &#8211; A lenda da F\u00eanix renascida do fogo &#8211; Os Cabalistas, A Cabala e a Ma\u00e7onaria &#8211; Exemplos de Cabala na Ma\u00e7onaria chamada &#8220;Oculta&#8221; &#8211; A Cabala Alfab\u00e9tica-Num\u00e9rica &#8211; A Passagem &#8211; A [&hellip;]<\/p>\n","protected":false},"featured_media":196,"comment_status":"open","ping_status":"closed","template":"","meta":[],"product_brand":[],"product_cat":[24],"product_tag":[],"class_list":{"0":"post-132","1":"product","2":"type-product","3":"status-publish","4":"has-post-thumbnail","6":"product_cat-sem-categoria","8":"first","9":"instock","10":"taxable","11":"shipping-taxable","12":"purchasable","13":"product-type-simple"},"_links":{"self":[{"href":"https:\/\/loja3pontos.com.br\/index.php\/wp-json\/wp\/v2\/product\/132","targetHints":{"allow":["GET"]}}],"collection":[{"href":"https:\/\/loja3pontos.com.br\/index.php\/wp-json\/wp\/v2\/product"}],"about":[{"href":"https:\/\/loja3pontos.com.br\/index.php\/wp-json\/wp\/v2\/types\/product"}],"replies":[{"embeddable":true,"href":"https:\/\/loja3pontos.com.br\/index.php\/wp-json\/wp\/v2\/comments?post=132"}],"version-history":[{"count":1,"href":"https:\/\/loja3pontos.com.br\/index.php\/wp-json\/wp\/v2\/product\/132\/revisions"}],"predecessor-version":[{"id":198,"href":"https:\/\/loja3pontos.com.br\/index.php\/wp-json\/wp\/v2\/product\/132\/revisions\/198"}],"wp:featuredmedia":[{"embeddable":true,"href":"https:\/\/loja3pontos.com.br\/index.php\/wp-json\/wp\/v2\/media\/196"}],"wp:attachment":[{"href":"https:\/\/loja3pontos.com.br\/index.php\/wp-json\/wp\/v2\/media?parent=132"}],"wp:term":[{"taxonomy":"product_brand","embeddable":true,"href":"https:\/\/loja3pontos.com.br\/index.php\/wp-json\/wp\/v2\/product_brand?post=132"},{"taxonomy":"product_cat","embeddable":true,"href":"https:\/\/loja3pontos.com.br\/index.php\/wp-json\/wp\/v2\/product_cat?post=132"},{"taxonomy":"product_tag","embeddable":true,"href":"https:\/\/loja3pontos.com.br\/index.php\/wp-json\/wp\/v2\/product_tag?post=132"}],"curies":[{"name":"wp","href":"https:\/\/api.w.org\/{rel}","templated":true}]}}