{"id":1755,"date":"2023-09-04T16:39:52","date_gmt":"2023-09-04T16:39:52","guid":{"rendered":"https:\/\/loja3pontos.com.br\/?post_type=product&#038;p=1755"},"modified":"2026-02-04T21:14:52","modified_gmt":"2026-02-04T21:14:52","slug":"cd-elevacao-exaltacao","status":"publish","type":"product","link":"https:\/\/loja3pontos.com.br\/index.php\/produto\/cd-elevacao-exaltacao\/","title":{"rendered":"CD Eleva\u00e7\u00e3o &amp; Exalta\u00e7\u00e3o"},"content":{"rendered":"<ol>\n<li>\u00a0Entrada em Loja<\/li>\n<li>\u00a0Cobridor<\/li>\n<li>\u00a0Di\u00e1conos<\/li>\n<li>\u00a0Ave Maria<\/li>\n<li>\u00a0Ver se h\u00e1 Candidatos<\/li>\n<li>\u00a0Entrada dos Candidatos<\/li>\n<li>\u00a0Viagem Comp.&#8217;.<\/li>\n<li>\u00a05\u00ba Viagem Compl.&#8217;.<\/li>\n<li>\u00a0Lamenta\u00e7\u00e3o (Hiran Abif)<\/li>\n<li>\u00a0Tema para ir trabalhar na P.&#8217;.\u00a0 C.&#8217;.<\/li>\n<li>\u00a0Tema para ir trabalhar na P.&#8217;.\u00a0 P.&#8217;.<\/li>\n<li>\u00a0Juramento<\/li>\n<li>\u00a0Tema para ir assinar o Livro<\/li>\n<li>\u00a0Tronco de Ben.&#8217;.<\/li>\n<li>\u00a0Hino Nacional<\/li>\n<li>\u00a0Sauda\u00e7\u00e3o \u00e0 Bandeira<\/li>\n<li>\u00a0Hino \u00e0 Bandeira<\/li>\n<li>\u00a0Hino \u00e0 Ma\u00e7.&#8217;.<\/li>\n<\/ol>\n<p>&nbsp;<\/p>\n","protected":false},"excerpt":{"rendered":"<p>\u00a0Entrada em Loja \u00a0Cobridor \u00a0Di\u00e1conos \u00a0Ave Maria \u00a0Ver se h\u00e1 Candidatos \u00a0Entrada dos Candidatos \u00a0Viagem Comp.&#8217;. \u00a05\u00ba Viagem Compl.&#8217;. \u00a0Lamenta\u00e7\u00e3o (Hiran Abif) \u00a0Tema para ir trabalhar na P.&#8217;.\u00a0 C.&#8217;. \u00a0Tema para ir trabalhar na P.&#8217;.\u00a0 P.&#8217;. \u00a0Juramento \u00a0Tema para ir assinar o Livro \u00a0Tronco de Ben.&#8217;. \u00a0Hino Nacional \u00a0Sauda\u00e7\u00e3o \u00e0 Bandeira \u00a0Hino \u00e0 Bandeira \u00a0Hino [&hellip;]<\/p>\n","protected":false},"featured_media":1801,"comment_status":"open","ping_status":"closed","template":"","meta":[],"product_brand":[],"product_cat":[131],"product_tag":[],"class_list":{"0":"post-1755","1":"product","2":"type-product","3":"status-publish","4":"has-post-thumbnail","6":"product_cat-livros-cds-e-dvds","8":"first","9":"instock","10":"taxable","11":"shipping-taxable","12":"purchasable","13":"product-type-simple"},"_links":{"self":[{"href":"https:\/\/loja3pontos.com.br\/index.php\/wp-json\/wp\/v2\/product\/1755","targetHints":{"allow":["GET"]}}],"collection":[{"href":"https:\/\/loja3pontos.com.br\/index.php\/wp-json\/wp\/v2\/product"}],"about":[{"href":"https:\/\/loja3pontos.com.br\/index.php\/wp-json\/wp\/v2\/types\/product"}],"replies":[{"embeddable":true,"href":"https:\/\/loja3pontos.com.br\/index.php\/wp-json\/wp\/v2\/comments?post=1755"}],"version-history":[{"count":1,"href":"https:\/\/loja3pontos.com.br\/index.php\/wp-json\/wp\/v2\/product\/1755\/revisions"}],"predecessor-version":[{"id":1803,"href":"https:\/\/loja3pontos.com.br\/index.php\/wp-json\/wp\/v2\/product\/1755\/revisions\/1803"}],"wp:featuredmedia":[{"embeddable":true,"href":"https:\/\/loja3pontos.com.br\/index.php\/wp-json\/wp\/v2\/media\/1801"}],"wp:attachment":[{"href":"https:\/\/loja3pontos.com.br\/index.php\/wp-json\/wp\/v2\/media?parent=1755"}],"wp:term":[{"taxonomy":"product_brand","embeddable":true,"href":"https:\/\/loja3pontos.com.br\/index.php\/wp-json\/wp\/v2\/product_brand?post=1755"},{"taxonomy":"product_cat","embeddable":true,"href":"https:\/\/loja3pontos.com.br\/index.php\/wp-json\/wp\/v2\/product_cat?post=1755"},{"taxonomy":"product_tag","embeddable":true,"href":"https:\/\/loja3pontos.com.br\/index.php\/wp-json\/wp\/v2\/product_tag?post=1755"}],"curies":[{"name":"wp","href":"https:\/\/api.w.org\/{rel}","templated":true}]}}