{"id":1867,"date":"2023-09-04T16:40:42","date_gmt":"2023-09-04T16:40:42","guid":{"rendered":"https:\/\/loja3pontos.com.br\/?post_type=product&#038;p=1867"},"modified":"2026-02-02T21:04:48","modified_gmt":"2026-02-02T21:04:48","slug":"colunas-dorica-corintia-e-jonica","status":"publish","type":"product","link":"https:\/\/loja3pontos.com.br\/index.php\/produto\/colunas-dorica-corintia-e-jonica\/","title":{"rendered":"Colunas D\u00f3rica, Cor\u00edntia e J\u00f4nica"},"content":{"rendered":"<p>colunas em madeira 27 cm , vendidas separadamente a R$ 70,00 cada<\/p>\n","protected":false},"excerpt":{"rendered":"<p>colunas em madeira 27 cm , vendidas separadamente a R$ 70,00 cada<\/p>\n","protected":false},"featured_media":1936,"comment_status":"open","ping_status":"closed","template":"","meta":[],"product_brand":[],"product_cat":[129,167],"product_tag":[],"class_list":{"0":"post-1867","1":"product","2":"type-product","3":"status-publish","4":"has-post-thumbnail","6":"product_cat-artigos-de-madeira","7":"product_cat-artigos-de-ritualistica","9":"first","10":"instock","11":"taxable","12":"shipping-taxable","13":"purchasable","14":"product-type-simple"},"_links":{"self":[{"href":"https:\/\/loja3pontos.com.br\/index.php\/wp-json\/wp\/v2\/product\/1867","targetHints":{"allow":["GET"]}}],"collection":[{"href":"https:\/\/loja3pontos.com.br\/index.php\/wp-json\/wp\/v2\/product"}],"about":[{"href":"https:\/\/loja3pontos.com.br\/index.php\/wp-json\/wp\/v2\/types\/product"}],"replies":[{"embeddable":true,"href":"https:\/\/loja3pontos.com.br\/index.php\/wp-json\/wp\/v2\/comments?post=1867"}],"version-history":[{"count":1,"href":"https:\/\/loja3pontos.com.br\/index.php\/wp-json\/wp\/v2\/product\/1867\/revisions"}],"predecessor-version":[{"id":1937,"href":"https:\/\/loja3pontos.com.br\/index.php\/wp-json\/wp\/v2\/product\/1867\/revisions\/1937"}],"wp:featuredmedia":[{"embeddable":true,"href":"https:\/\/loja3pontos.com.br\/index.php\/wp-json\/wp\/v2\/media\/1936"}],"wp:attachment":[{"href":"https:\/\/loja3pontos.com.br\/index.php\/wp-json\/wp\/v2\/media?parent=1867"}],"wp:term":[{"taxonomy":"product_brand","embeddable":true,"href":"https:\/\/loja3pontos.com.br\/index.php\/wp-json\/wp\/v2\/product_brand?post=1867"},{"taxonomy":"product_cat","embeddable":true,"href":"https:\/\/loja3pontos.com.br\/index.php\/wp-json\/wp\/v2\/product_cat?post=1867"},{"taxonomy":"product_tag","embeddable":true,"href":"https:\/\/loja3pontos.com.br\/index.php\/wp-json\/wp\/v2\/product_tag?post=1867"}],"curies":[{"name":"wp","href":"https:\/\/api.w.org\/{rel}","templated":true}]}}