{"id":2029,"date":"2023-09-04T16:42:02","date_gmt":"2023-09-04T16:42:02","guid":{"rendered":"https:\/\/loja3pontos.com.br\/?post_type=product&#038;p=2029"},"modified":"2025-08-28T18:37:59","modified_gmt":"2025-08-28T18:37:59","slug":"espada-reta-cabo-dourado","status":"publish","type":"product","link":"https:\/\/loja3pontos.com.br\/index.php\/produto\/espada-reta-cabo-dourado\/","title":{"rendered":"Espada reta cabo dourado"},"content":{"rendered":"<p>espada em a\u00e7o , cabo de dourado, 86cm logo vermelho ou azul<\/p>\n<p>Encomenda com uma dimens\u00e3o superior a 70 cm, sujeito a cobran\u00e7a adicional pelos Correios, favor consultar.<\/p>\n","protected":false},"excerpt":{"rendered":"<p>espada em a\u00e7o , cabo de dourado, 86cm logo vermelho ou azul Encomenda com uma dimens\u00e3o superior a 70 cm, sujeito a cobran\u00e7a adicional pelos Correios, favor consultar.<\/p>\n","protected":false},"featured_media":2101,"comment_status":"open","ping_status":"closed","template":"","meta":[],"product_brand":[],"product_cat":[132],"product_tag":[],"class_list":{"0":"post-2029","1":"product","2":"type-product","3":"status-publish","4":"has-post-thumbnail","6":"product_cat-espadas","8":"first","9":"instock","10":"taxable","11":"shipping-taxable","12":"purchasable","13":"product-type-simple"},"_links":{"self":[{"href":"https:\/\/loja3pontos.com.br\/index.php\/wp-json\/wp\/v2\/product\/2029","targetHints":{"allow":["GET"]}}],"collection":[{"href":"https:\/\/loja3pontos.com.br\/index.php\/wp-json\/wp\/v2\/product"}],"about":[{"href":"https:\/\/loja3pontos.com.br\/index.php\/wp-json\/wp\/v2\/types\/product"}],"replies":[{"embeddable":true,"href":"https:\/\/loja3pontos.com.br\/index.php\/wp-json\/wp\/v2\/comments?post=2029"}],"version-history":[{"count":1,"href":"https:\/\/loja3pontos.com.br\/index.php\/wp-json\/wp\/v2\/product\/2029\/revisions"}],"predecessor-version":[{"id":2103,"href":"https:\/\/loja3pontos.com.br\/index.php\/wp-json\/wp\/v2\/product\/2029\/revisions\/2103"}],"wp:featuredmedia":[{"embeddable":true,"href":"https:\/\/loja3pontos.com.br\/index.php\/wp-json\/wp\/v2\/media\/2101"}],"wp:attachment":[{"href":"https:\/\/loja3pontos.com.br\/index.php\/wp-json\/wp\/v2\/media?parent=2029"}],"wp:term":[{"taxonomy":"product_brand","embeddable":true,"href":"https:\/\/loja3pontos.com.br\/index.php\/wp-json\/wp\/v2\/product_brand?post=2029"},{"taxonomy":"product_cat","embeddable":true,"href":"https:\/\/loja3pontos.com.br\/index.php\/wp-json\/wp\/v2\/product_cat?post=2029"},{"taxonomy":"product_tag","embeddable":true,"href":"https:\/\/loja3pontos.com.br\/index.php\/wp-json\/wp\/v2\/product_tag?post=2029"}],"curies":[{"name":"wp","href":"https:\/\/api.w.org\/{rel}","templated":true}]}}