{"id":2036,"date":"2023-09-04T16:42:03","date_gmt":"2023-09-04T16:42:03","guid":{"rendered":"https:\/\/loja3pontos.com.br\/?post_type=product&#038;p=2036"},"modified":"2023-11-16T20:21:28","modified_gmt":"2023-11-16T20:21:28","slug":"manual-magico-de-kaballa-pratica","status":"publish","type":"product","link":"https:\/\/loja3pontos.com.br\/index.php\/produto\/manual-magico-de-kaballa-pratica\/","title":{"rendered":"Manual M\u00e1gico de Kaballa Pr\u00e1tica"},"content":{"rendered":"<p>Em meio a abundante literatura dedicada \u00e0 hist\u00f3ria do pensamento kabbalista, numerosas s\u00e3o as obras tratando da teoria da Numerologia, angelologia Pantacular, G\u00eanios Kabbal\u00edsticos, quadrados M\u00e1gicos etc. Nenhuma, entratantot\u00e3o ampla e profunda quanto o manual escrito pelo Ir resende, e dentro de uma poss\u00edvel vis\u00e3o sint\u00e9tica e abrangente.<\/p>\n<p>Como \u00e9 conhecido por todos, existem certos fatos, relacionados explicitamente a este estudo, que necessitam ser ventilados para que possamos ter uma melor compreens\u00e3o do sistema, como tamb\u00e9m para evitar andarmos em c\u00edrculos e becos sem sa\u00edda, cansados por distor\u00e7\u00f5es e deturba\u00e7\u00f5es partid\u00e1rias que, num passado n\u00e3o muito remoto, impediram o avan\u00e7o da evolu\u00e7\u00e3o humana dentro desses par\u00e2metros.<\/p>\n<p>Depois da Yoga, a Kaballa \u00e9 o mais propaladp Sistema de ilumina\u00e7\u00e3o no Ocidente, por\u00e9m um dos menos compreendidos. Na maioria das vezes, as pessoas interessadas neste ramo de Esoterismo perdem-se no emaranhado de supersti\u00e7~]oes derivadas dai.<\/p>\n<p>O Manual M\u00e1gico de Kabbala Pr\u00e1tica vem suprir esta lacuna a tanto tempo existente na literatura kabbal\u00edstica. Principalmente porque o autor desenvolve uma pr\u00e1tica inteiramente direcionada ao s\u00e9rio trabalho de pesquisadores.<\/p>\n","protected":false},"excerpt":{"rendered":"<p>Em meio a abundante literatura dedicada \u00e0 hist\u00f3ria do pensamento kabbalista, numerosas s\u00e3o as obras tratando da teoria da Numerologia, angelologia Pantacular, G\u00eanios Kabbal\u00edsticos, quadrados M\u00e1gicos etc. Nenhuma, entratantot\u00e3o ampla e profunda quanto o manual escrito pelo Ir resende, e dentro de uma poss\u00edvel vis\u00e3o sint\u00e9tica e abrangente. Como \u00e9 conhecido por todos, existem certos [&hellip;]<\/p>\n","protected":false},"featured_media":2133,"comment_status":"open","ping_status":"closed","template":"","meta":[],"product_brand":[],"product_cat":[131,24],"product_tag":[],"class_list":{"0":"post-2036","1":"product","2":"type-product","3":"status-publish","4":"has-post-thumbnail","6":"product_cat-livros-cds-e-dvds","7":"product_cat-sem-categoria","9":"first","10":"outofstock","11":"taxable","12":"shipping-taxable","13":"purchasable","14":"product-type-simple"},"_links":{"self":[{"href":"https:\/\/loja3pontos.com.br\/index.php\/wp-json\/wp\/v2\/product\/2036","targetHints":{"allow":["GET"]}}],"collection":[{"href":"https:\/\/loja3pontos.com.br\/index.php\/wp-json\/wp\/v2\/product"}],"about":[{"href":"https:\/\/loja3pontos.com.br\/index.php\/wp-json\/wp\/v2\/types\/product"}],"replies":[{"embeddable":true,"href":"https:\/\/loja3pontos.com.br\/index.php\/wp-json\/wp\/v2\/comments?post=2036"}],"version-history":[{"count":1,"href":"https:\/\/loja3pontos.com.br\/index.php\/wp-json\/wp\/v2\/product\/2036\/revisions"}],"predecessor-version":[{"id":2134,"href":"https:\/\/loja3pontos.com.br\/index.php\/wp-json\/wp\/v2\/product\/2036\/revisions\/2134"}],"wp:featuredmedia":[{"embeddable":true,"href":"https:\/\/loja3pontos.com.br\/index.php\/wp-json\/wp\/v2\/media\/2133"}],"wp:attachment":[{"href":"https:\/\/loja3pontos.com.br\/index.php\/wp-json\/wp\/v2\/media?parent=2036"}],"wp:term":[{"taxonomy":"product_brand","embeddable":true,"href":"https:\/\/loja3pontos.com.br\/index.php\/wp-json\/wp\/v2\/product_brand?post=2036"},{"taxonomy":"product_cat","embeddable":true,"href":"https:\/\/loja3pontos.com.br\/index.php\/wp-json\/wp\/v2\/product_cat?post=2036"},{"taxonomy":"product_tag","embeddable":true,"href":"https:\/\/loja3pontos.com.br\/index.php\/wp-json\/wp\/v2\/product_tag?post=2036"}],"curies":[{"name":"wp","href":"https:\/\/api.w.org\/{rel}","templated":true}]}}