{"id":2083,"date":"2023-09-04T16:42:26","date_gmt":"2023-09-04T16:42:26","guid":{"rendered":"https:\/\/loja3pontos.com.br\/?post_type=product&#038;p=2083"},"modified":"2025-05-09T12:36:03","modified_gmt":"2025-05-09T12:36:03","slug":"os-graus-do-capitulo-graus-15-ao-18","status":"publish","type":"product","link":"https:\/\/loja3pontos.com.br\/index.php\/produto\/os-graus-do-capitulo-graus-15-ao-18\/","title":{"rendered":"Os Graus do Cap\u00edtulo &#8221; Graus 15 ao 18&#8243;"},"content":{"rendered":"<p>Os Graus e sua Interpreta\u00e7\u00e3o filos\u00f3fica &#8211; Graus 15, 18 e dos Intermedi\u00e1rios.<\/p>\n","protected":false},"excerpt":{"rendered":"<p>Os Graus e sua Interpreta\u00e7\u00e3o filos\u00f3fica &#8211; Graus 15, 18 e dos Intermedi\u00e1rios.<\/p>\n","protected":false},"featured_media":2143,"comment_status":"open","ping_status":"closed","template":"","meta":[],"product_brand":[],"product_cat":[131,24],"product_tag":[],"class_list":{"0":"post-2083","1":"product","2":"type-product","3":"status-publish","4":"has-post-thumbnail","6":"product_cat-livros-cds-e-dvds","7":"product_cat-sem-categoria","9":"first","10":"outofstock","11":"taxable","12":"shipping-taxable","13":"purchasable","14":"product-type-simple"},"_links":{"self":[{"href":"https:\/\/loja3pontos.com.br\/index.php\/wp-json\/wp\/v2\/product\/2083","targetHints":{"allow":["GET"]}}],"collection":[{"href":"https:\/\/loja3pontos.com.br\/index.php\/wp-json\/wp\/v2\/product"}],"about":[{"href":"https:\/\/loja3pontos.com.br\/index.php\/wp-json\/wp\/v2\/types\/product"}],"replies":[{"embeddable":true,"href":"https:\/\/loja3pontos.com.br\/index.php\/wp-json\/wp\/v2\/comments?post=2083"}],"version-history":[{"count":1,"href":"https:\/\/loja3pontos.com.br\/index.php\/wp-json\/wp\/v2\/product\/2083\/revisions"}],"predecessor-version":[{"id":2144,"href":"https:\/\/loja3pontos.com.br\/index.php\/wp-json\/wp\/v2\/product\/2083\/revisions\/2144"}],"wp:featuredmedia":[{"embeddable":true,"href":"https:\/\/loja3pontos.com.br\/index.php\/wp-json\/wp\/v2\/media\/2143"}],"wp:attachment":[{"href":"https:\/\/loja3pontos.com.br\/index.php\/wp-json\/wp\/v2\/media?parent=2083"}],"wp:term":[{"taxonomy":"product_brand","embeddable":true,"href":"https:\/\/loja3pontos.com.br\/index.php\/wp-json\/wp\/v2\/product_brand?post=2083"},{"taxonomy":"product_cat","embeddable":true,"href":"https:\/\/loja3pontos.com.br\/index.php\/wp-json\/wp\/v2\/product_cat?post=2083"},{"taxonomy":"product_tag","embeddable":true,"href":"https:\/\/loja3pontos.com.br\/index.php\/wp-json\/wp\/v2\/product_tag?post=2083"}],"curies":[{"name":"wp","href":"https:\/\/api.w.org\/{rel}","templated":true}]}}