{"id":2193,"date":"2023-09-04T16:44:17","date_gmt":"2023-09-04T16:44:17","guid":{"rendered":"https:\/\/loja3pontos.com.br\/?post_type=product&#038;p=2193"},"modified":"2026-03-13T20:37:55","modified_gmt":"2026-03-13T20:37:55","slug":"simbolismo-do-segundo-grau","status":"publish","type":"product","link":"https:\/\/loja3pontos.com.br\/index.php\/produto\/simbolismo-do-segundo-grau\/","title":{"rendered":"Simbolismo do Segundo Grau"},"content":{"rendered":"<p>Todo obreiro ter\u00e1 aqui as ferramentas necess\u00e1rias para rapidamente transpor mais essa jornada e adentrar na pen\u00faltima fase do Simbolismo de que se reveste a Ma\u00e7onaria para a transmiss\u00e3o de seus conhecimentos.<br \/>\nQue cada Ir obreiro encontre aqui a luz para dirimir suas d\u00favidas e ampliar a compreens\u00e3o desse vasto universo, com o aux\u00edlio inestim\u00e1vel dos preciosos conhecimentos contidos neste livro.<\/p>\n","protected":false},"excerpt":{"rendered":"<p>Todo obreiro ter\u00e1 aqui as ferramentas necess\u00e1rias para rapidamente transpor mais essa jornada e adentrar na pen\u00faltima fase do Simbolismo de que se reveste a Ma\u00e7onaria para a transmiss\u00e3o de seus conhecimentos. Que cada Ir obreiro encontre aqui a luz para dirimir suas d\u00favidas e ampliar a compreens\u00e3o desse vasto universo, com o aux\u00edlio inestim\u00e1vel [&hellip;]<\/p>\n","protected":false},"featured_media":2250,"comment_status":"open","ping_status":"closed","template":"","meta":[],"product_brand":[],"product_cat":[24,131],"product_tag":[],"class_list":{"0":"post-2193","1":"product","2":"type-product","3":"status-publish","4":"has-post-thumbnail","6":"product_cat-sem-categoria","7":"product_cat-livros-cds-e-dvds","9":"first","10":"instock","11":"taxable","12":"shipping-taxable","13":"purchasable","14":"product-type-simple"},"_links":{"self":[{"href":"https:\/\/loja3pontos.com.br\/index.php\/wp-json\/wp\/v2\/product\/2193","targetHints":{"allow":["GET"]}}],"collection":[{"href":"https:\/\/loja3pontos.com.br\/index.php\/wp-json\/wp\/v2\/product"}],"about":[{"href":"https:\/\/loja3pontos.com.br\/index.php\/wp-json\/wp\/v2\/types\/product"}],"replies":[{"embeddable":true,"href":"https:\/\/loja3pontos.com.br\/index.php\/wp-json\/wp\/v2\/comments?post=2193"}],"version-history":[{"count":1,"href":"https:\/\/loja3pontos.com.br\/index.php\/wp-json\/wp\/v2\/product\/2193\/revisions"}],"predecessor-version":[{"id":2251,"href":"https:\/\/loja3pontos.com.br\/index.php\/wp-json\/wp\/v2\/product\/2193\/revisions\/2251"}],"wp:featuredmedia":[{"embeddable":true,"href":"https:\/\/loja3pontos.com.br\/index.php\/wp-json\/wp\/v2\/media\/2250"}],"wp:attachment":[{"href":"https:\/\/loja3pontos.com.br\/index.php\/wp-json\/wp\/v2\/media?parent=2193"}],"wp:term":[{"taxonomy":"product_brand","embeddable":true,"href":"https:\/\/loja3pontos.com.br\/index.php\/wp-json\/wp\/v2\/product_brand?post=2193"},{"taxonomy":"product_cat","embeddable":true,"href":"https:\/\/loja3pontos.com.br\/index.php\/wp-json\/wp\/v2\/product_cat?post=2193"},{"taxonomy":"product_tag","embeddable":true,"href":"https:\/\/loja3pontos.com.br\/index.php\/wp-json\/wp\/v2\/product_tag?post=2193"}],"curies":[{"name":"wp","href":"https:\/\/api.w.org\/{rel}","templated":true}]}}