{"id":5196,"date":"2025-12-15T15:58:40","date_gmt":"2025-12-15T15:58:40","guid":{"rendered":"https:\/\/loja3pontos.com.br\/?post_type=product&#038;p=5196"},"modified":"2025-12-15T15:58:40","modified_gmt":"2025-12-15T15:58:40","slug":"a-maconaria-tornada-compreensivel-a-seus-adeptos-mestre-traducao-do-exemplar-de-1894","status":"publish","type":"product","link":"https:\/\/loja3pontos.com.br\/index.php\/produto\/a-maconaria-tornada-compreensivel-a-seus-adeptos-mestre-traducao-do-exemplar-de-1894\/","title":{"rendered":"A Ma\u00e7onaria tornada compreens\u00edvel a seus adeptos MESTRE (TRADU\u00c7\u00c3O DO EXEMPLAR DE 1894)"},"content":{"rendered":"","protected":false},"excerpt":{"rendered":"<p>Manual de instru\u00e7\u00e3o inici\u00e1tica redigido para uso do IIr \u2234 do 3\u00b0 grau por OSWALD WIRTH<\/p>\n<p>TRADU\u00c7\u00c3O DO EXEMPLAR DE 1894<\/p>\n","protected":false},"featured_media":5200,"comment_status":"open","ping_status":"closed","template":"","meta":[],"product_brand":[],"product_cat":[131],"product_tag":[],"class_list":{"0":"post-5196","1":"product","2":"type-product","3":"status-publish","4":"has-post-thumbnail","6":"product_cat-livros-cds-e-dvds","8":"first","9":"instock","10":"taxable","11":"shipping-taxable","12":"purchasable","13":"product-type-simple"},"_links":{"self":[{"href":"https:\/\/loja3pontos.com.br\/index.php\/wp-json\/wp\/v2\/product\/5196","targetHints":{"allow":["GET"]}}],"collection":[{"href":"https:\/\/loja3pontos.com.br\/index.php\/wp-json\/wp\/v2\/product"}],"about":[{"href":"https:\/\/loja3pontos.com.br\/index.php\/wp-json\/wp\/v2\/types\/product"}],"replies":[{"embeddable":true,"href":"https:\/\/loja3pontos.com.br\/index.php\/wp-json\/wp\/v2\/comments?post=5196"}],"version-history":[{"count":1,"href":"https:\/\/loja3pontos.com.br\/index.php\/wp-json\/wp\/v2\/product\/5196\/revisions"}],"predecessor-version":[{"id":5201,"href":"https:\/\/loja3pontos.com.br\/index.php\/wp-json\/wp\/v2\/product\/5196\/revisions\/5201"}],"wp:featuredmedia":[{"embeddable":true,"href":"https:\/\/loja3pontos.com.br\/index.php\/wp-json\/wp\/v2\/media\/5200"}],"wp:attachment":[{"href":"https:\/\/loja3pontos.com.br\/index.php\/wp-json\/wp\/v2\/media?parent=5196"}],"wp:term":[{"taxonomy":"product_brand","embeddable":true,"href":"https:\/\/loja3pontos.com.br\/index.php\/wp-json\/wp\/v2\/product_brand?post=5196"},{"taxonomy":"product_cat","embeddable":true,"href":"https:\/\/loja3pontos.com.br\/index.php\/wp-json\/wp\/v2\/product_cat?post=5196"},{"taxonomy":"product_tag","embeddable":true,"href":"https:\/\/loja3pontos.com.br\/index.php\/wp-json\/wp\/v2\/product_tag?post=5196"}],"curies":[{"name":"wp","href":"https:\/\/api.w.org\/{rel}","templated":true}]}}