{"id":5202,"date":"2025-12-15T16:07:11","date_gmt":"2025-12-15T16:07:11","guid":{"rendered":"https:\/\/loja3pontos.com.br\/?post_type=product&#038;p=5202"},"modified":"2025-12-15T16:07:11","modified_gmt":"2025-12-15T16:07:11","slug":"historia-da-maconaria-da-marca","status":"publish","type":"product","link":"https:\/\/loja3pontos.com.br\/index.php\/produto\/historia-da-maconaria-da-marca\/","title":{"rendered":"HISTORIA DA MACONARIA DA MARCA"},"content":{"rendered":"","protected":false},"excerpt":{"rendered":"<p>A cria\u00e7\u00e3o da Grande Loja de Mestres Ma\u00e7ons da Marca, em 1856, \u00e9 considerado um dos eventos mais importantes da hist\u00f3ria da Ma\u00e7onaria inglesa. Esta obra busca celebrar o 150\u00ba anivers\u00e1rio da Grande Loja por meio de uma s\u00e9rie de ensaios. Os textos exploram o contexto social e pol\u00edtico da cria\u00e7\u00e3o da Grande Loja e apresentam alguns dos personagens do in\u00edcio da Grande Loja da Marca, tais como o primeiro Gr\u00e3o-Mestre, Lorde Leigh. O desenvolvimento da Ma\u00e7onaria da Marca durante o per\u00edodo vitoriano \u00e9 analisado por meio de um estudo dos registros ma\u00e7\u00f4nicos de filia\u00e7\u00e3o, enquanto o crescimento da Grande Loja \u00e9 aparente a partir de uma pesquisa dos sucessivos edif\u00edcios usados como Templos de Ma\u00e7ons da Marca. O autor apresenta alguns dos personagens envolvidos no in\u00edcio da Ma\u00e7onaria da Marca, tais como John Knight da Cornualha e o pol\u00edmata Ebenezer Sibley. O livro tamb\u00e9m inclui uma lista sobre marcas ma\u00e7\u00f4nicas, dois ap\u00eandices com diret\u00f3rios de Lojas da Marca, na Inglaterra e no Pa\u00eds de Gales, e de oficiais da Grande Loja da Marca.<\/p>\n","protected":false},"featured_media":5203,"comment_status":"open","ping_status":"closed","template":"","meta":[],"product_brand":[],"product_cat":[131],"product_tag":[],"class_list":{"0":"post-5202","1":"product","2":"type-product","3":"status-publish","4":"has-post-thumbnail","6":"product_cat-livros-cds-e-dvds","8":"first","9":"instock","10":"taxable","11":"shipping-taxable","12":"purchasable","13":"product-type-simple"},"_links":{"self":[{"href":"https:\/\/loja3pontos.com.br\/index.php\/wp-json\/wp\/v2\/product\/5202","targetHints":{"allow":["GET"]}}],"collection":[{"href":"https:\/\/loja3pontos.com.br\/index.php\/wp-json\/wp\/v2\/product"}],"about":[{"href":"https:\/\/loja3pontos.com.br\/index.php\/wp-json\/wp\/v2\/types\/product"}],"replies":[{"embeddable":true,"href":"https:\/\/loja3pontos.com.br\/index.php\/wp-json\/wp\/v2\/comments?post=5202"}],"version-history":[{"count":1,"href":"https:\/\/loja3pontos.com.br\/index.php\/wp-json\/wp\/v2\/product\/5202\/revisions"}],"predecessor-version":[{"id":5204,"href":"https:\/\/loja3pontos.com.br\/index.php\/wp-json\/wp\/v2\/product\/5202\/revisions\/5204"}],"wp:featuredmedia":[{"embeddable":true,"href":"https:\/\/loja3pontos.com.br\/index.php\/wp-json\/wp\/v2\/media\/5203"}],"wp:attachment":[{"href":"https:\/\/loja3pontos.com.br\/index.php\/wp-json\/wp\/v2\/media?parent=5202"}],"wp:term":[{"taxonomy":"product_brand","embeddable":true,"href":"https:\/\/loja3pontos.com.br\/index.php\/wp-json\/wp\/v2\/product_brand?post=5202"},{"taxonomy":"product_cat","embeddable":true,"href":"https:\/\/loja3pontos.com.br\/index.php\/wp-json\/wp\/v2\/product_cat?post=5202"},{"taxonomy":"product_tag","embeddable":true,"href":"https:\/\/loja3pontos.com.br\/index.php\/wp-json\/wp\/v2\/product_tag?post=5202"}],"curies":[{"name":"wp","href":"https:\/\/api.w.org\/{rel}","templated":true}]}}